{"id":1076,"date":"2015-08-28T14:39:04","date_gmt":"2015-08-28T14:39:04","guid":{"rendered":"https:\/\/tunisia88.com\/?page_id=1076"},"modified":"2022-12-09T20:14:02","modified_gmt":"2022-12-09T19:14:02","slug":"activities","status":"publish","type":"page","link":"https:\/\/tunisia88.com\/en\/activities\/","title":{"rendered":"Activities"},"content":{"rendered":"<div class=\"fw-page-builder-content\"><img loading=\"lazy\" decoding=\"async\" src=\"https:\/\/tunisia88.com\/wp-content\/plugins\/revslider\/admin\/assets\/images\/dummy.png\" alt=\"\" title=\"img_groupe_eleve\" width=\"2240\" height=\"1493\" data-lazyload=\"https:\/\/tunisia88.com\/wp-content\/uploads\/2018\/02\/img_groupe_eleve.jpg\" data-bgposition=\"70% 0%\" data-bgfit=\"cover\" data-bgrepeat=\"no-repeat\" data-bgparallax=\"off\" class=\"rev-slidebg\" data-no-retina><br \/>\n <img loading=\"lazy\" decoding=\"async\" src=\"https:\/\/tunisia88.com\/wp-content\/plugins\/revslider\/admin\/assets\/images\/dummy.png\" alt=\"\" data-ww=\"['2560px','2560px','2560px','2560px']\" data-hh=\"['523px','523px','523px','523px']\" width=\"2560\" height=\"893\" data-lazyload=\"https:\/\/tunisia88.com\/wp-content\/uploads\/2018\/02\/Slide1_ovrl_v2.png\" data-no-retina><br \/>\n ACTIVIT\u00c9S<br \/>\n.tp-caption.montserrat117white,.montserrat117white{color:#ffffff;font-size:113px;font-weight:700;font-family:Montserrat;text-decoration:none;background-color:transparent;border-width:0px;border-color:rgb(0,0,0);border-style:none;text-shadow:none;letter-spacing:-5px}<br \/>\nif (setREVStartSize!==undefined) setREVStartSize(<br \/>\n {c: &lsquo;#rev_slider_8_1&rsquo;, responsiveLevels: [1240,1024,778,480], gridwidth: [1920,1240,778,480], gridheight: [523,500,500,400], sliderLayout: &lsquo;fullwidth&rsquo;});<br \/>\nvar revapi8,<br \/>\n tpj;<br \/>\n(function() {<br \/>\n if (!\/loaded|interactive|complete\/.test(document.readyState)) document.addEventListener(\u00ab\u00a0DOMContentLoaded\u00a0\u00bb,onLoad)<br \/>\n else<br \/>\n onLoad();<br \/>\n function onLoad() {<br \/>\n if (tpj===undefined) {<br \/>\n tpj = jQuery;<br \/>\n if(\u00ab\u00a0off\u00a0\u00bb == \u00ab\u00a0on\u00a0\u00bb) tpj.noConflict();<br \/>\n }<br \/>\n if(tpj(\u00ab\u00a0#rev_slider_8_1\u00a0\u00bb).revolution == undefined){<br \/>\n revslider_showDoubleJqueryError(\u00ab\u00a0#rev_slider_8_1\u00a0\u00bb);<br \/>\n }else{<br \/>\n revapi8 = tpj(\u00ab\u00a0#rev_slider_8_1&Prime;).show().revolution({<br \/>\n sliderType:\u00a0\u00bbstandard\u00a0\u00bb,<br \/>\n jsFileLocation:\u00a0\u00bb\/\/tunisia88.com\/wp-content\/plugins\/revslider\/public\/assets\/js\/\u00a0\u00bb,<br \/>\n sliderLayout:\u00a0\u00bbfullwidth\u00a0\u00bb,<br \/>\n dottedOverlay:\u00a0\u00bbnone\u00a0\u00bb,<br \/>\n delay:9000,<br \/>\n navigation: {<br \/>\n keyboardNavigation:\u00a0\u00bboff\u00a0\u00bb,<br \/>\n keyboard_direction: \u00ab\u00a0horizontal\u00a0\u00bb,<br \/>\n mouseScrollNavigation:\u00a0\u00bboff\u00a0\u00bb,<br \/>\n mouseScrollReverse:\u00a0\u00bbdefault\u00a0\u00bb,<br \/>\n onHoverStop:\u00a0\u00bboff\u00a0\u00bb,<br \/>\n touch:{<br \/>\n touchenabled:\u00a0\u00bbon\u00a0\u00bb,<br \/>\n touchOnDesktop:\u00a0\u00bboff\u00a0\u00bb,<br \/>\n swipe_threshold: 75,<br \/>\n swipe_min_touches: 50,<br \/>\n swipe_direction: \u00ab\u00a0horizontal\u00a0\u00bb,<br \/>\n drag_block_vertical: false<br \/>\n }<br \/>\n },<br \/>\n responsiveLevels:[1240,1024,778,480],<br \/>\n visibilityLevels:[1240,1024,778,480],<br \/>\n gridwidth:[1920,1240,778,480],<br \/>\n gridheight:[523,500,500,400],<br \/>\n lazyType:\u00a0\u00bbsmart\u00a0\u00bb,<br \/>\n parallax: {<br \/>\n type:\u00a0\u00bbmouse\u00a0\u00bb,<br \/>\n origo:\u00a0\u00bbslidercenter\u00a0\u00bb,<br \/>\n speed:2000,<br \/>\n speedbg:0,<br \/>\n speedls:0,<br \/>\n levels:[2,3,4,5,6,7,12,16,10,50,46,47,48,49,50,55],<br \/>\n },<br \/>\n shadow:0,<br \/>\n spinner:\u00a0\u00bboff\u00a0\u00bb,<br \/>\n stopLoop:\u00a0\u00bbon\u00a0\u00bb,<br \/>\n stopAfterLoops:0,<br \/>\n stopAtSlide:1,<br \/>\n shuffle:\u00a0\u00bboff\u00a0\u00bb,<br \/>\n autoHeight:\u00a0\u00bboff\u00a0\u00bb,<br \/>\n hideThumbsOnMobile:\u00a0\u00bboff\u00a0\u00bb,<br \/>\n hideSliderAtLimit:0,<br \/>\n hideCaptionAtLimit:0,<br \/>\n hideAllCaptionAtLilmit:0,<br \/>\n debugMode:false,<br \/>\n fallbacks: {<br \/>\n simplifyAll:\u00a0\u00bboff\u00a0\u00bb,<br \/>\n nextSlideOnWindowFocus:\u00a0\u00bboff\u00a0\u00bb,<br \/>\n disableFocusListener:false,<br \/>\n }<br \/>\n });<br \/>\n }; \/* END OF revapi call *\/<br \/>\n }; \/* END OF ON LOAD FUNCTION *\/<br \/>\n}()); \/* END OF WRAPPING FUNCTION *\/<\/p>\n<h2 class=\"fw-special-title\">Cycle Annuel de Tunisia88<\/h2>\n<p> <img decoding=\"async\" src=\"https:\/\/tunisia88.com\/wp-content\/uploads\/2022\/11\/La-Durabilite-de-Tunisia88-site.png\" alt=\"La Durabilit\u00e9 de Tunisia88 site\" data-maxdpr=\"1.7\" width=\"550\" class=\"lazyload\" \/> <\/p>\n<h3 class=\"fw-imagebox-title\">Cycle Annuel<\/h3>\n<p> <img decoding=\"async\" src=\"https:\/\/tunisia88.com\/wp-content\/uploads\/2022\/11\/Tunisia88-Sustainability-site.png\" alt=\"Tunisia88 Sustainability site\" data-maxdpr=\"1.7\" width=\"550\" class=\"lazyload\" \/> <\/p>\n<h3 class=\"fw-imagebox-title\">Annual Cycle<\/h3>\n<h2 class=\"fw-special-title\">LES ACTIVIT\u00c9S DE TUNISIA 88<\/h2>\n<p> Ce que nous faisons de mieux<\/p>\n<h4>CONCERTS<\/h4>\n<p style=\"text-align: center;\">Tunisia88 organise 3 types de concerts:Concerts publics.Concerts priv\u00e9s.Concerts aux lyc\u00e9es.<\/p>\n<h4>CLUBS DE MUSIQUE<\/h4>\n<p style=\"text-align: center;\"> Apr\u00e8s chaque concert, on lance un club de musique extra-scolaire dirig\u00e9 par des \u00e9l\u00e8ves. Les Clubs Tunisia88 organisent des r\u00e9unions hebdomadaires, planifient des \u00e9v\u00e9nements musicaux dans leurs communaut\u00e9s et participent \u00e0 des concours de composition musicale.<\/p>\n<h4>FORMATIONS<\/h4>\n<p style=\"text-align: center;\">Tunisia88 organise des formations annuelles musicales et de comp\u00e9tences, tel que des formations de Leadership, et de Cr\u00e9ativit\u00e9. Ces formations sont destin\u00e9es aux leaders et aux membres des clubs de musique de Tunisia88 partout en Tunisie. Ainsi qu&rsquo;une \u00e9quipe des Alumni Ex\u00e9cutifs qui g\u00e8re les activit\u00e9s du cycle annuel, et assure la durabilit\u00e9 des clubs de Tunisia88.<\/p>\n<p> <a href=\"https:\/\/tunisia88.com\/wp-content\/uploads\/2022\/11\/Annual-club-report-August-2021-July-2022.pdf\" target=\"_blank\" class=\"fw-btn tf-sh-4cc601dd8e741b35170c230bd59ba5cb fw-btn-lg download-report fw-btn-1\" style=\"\" rel=\"noopener\"><br \/>\n \u00a0\u00a0T\u00c9LECHARGER LE RAPPORT ANNUEL DES CLUBS \u00a0<br \/>\n <\/a><br \/>\n jQuery(document).ready(function ($) {<br \/>\n var $ = jQuery<br \/>\n report = $(&lsquo;.report-activities&rsquo;).attr(&lsquo;data&rsquo;),<br \/>\n english_report = report.replace(\u00ab\u00a0french\u00a0\u00bb, \u00ab\u00a0english\u00a0\u00bb),<br \/>\n path = window.location.pathname;<br \/>\n if(path.indexOf(&lsquo;\/en\/&rsquo;) !== -1){<br \/>\n $(&lsquo;.report-activities&rsquo;).attr(&lsquo;data&rsquo;, english_report);<br \/>\n $(&lsquo;a.download-report&rsquo;).attr(&lsquo;href&rsquo;, english_report);<br \/>\n }<br \/>\n});<br \/>\n <a href=\"https:\/\/tunisia88.com\/wp-content\/uploads\/2022\/11\/Annual-club-report-August-2021-July-2022.pdf\" target=\"_blank\" class=\"fw-btn tf-sh-c2061628b158e04d4d7377177b5bec47 fw-btn-lg download-report fw-btn-1\" style=\"\" rel=\"noopener\"><br \/>\n \u00a0\u00a0T\u00c9LECHARGER LE RAPPORT ANNUEL DES CLUBS \u00a0<br \/>\n <\/a><br \/>\n jQuery(document).ready(function ($) {<br \/>\n var $ = jQuery<br \/>\n report = $(&lsquo;.report-activities&rsquo;).attr(&lsquo;data&rsquo;),<br \/>\n english_report = report.replace(\u00ab\u00a0french\u00a0\u00bb, \u00ab\u00a0english\u00a0\u00bb),<br \/>\n path = window.location.pathname;<br \/>\n if(path.indexOf(&lsquo;\/en\/&rsquo;) !== -1){<br \/>\n $(&lsquo;.report-activities&rsquo;).attr(&lsquo;data&rsquo;, english_report);<br \/>\n $(&lsquo;a.download-report&rsquo;).attr(&lsquo;href&rsquo;, english_report);<br \/>\n }<br \/>\n});<\/p>\n<p><!-- 47fdddc929d8ed2a7350c0a46e301eac --><\/div>\n","protected":false},"excerpt":{"rendered":"<p>ACTIVIT\u00c9S .tp-caption.montserrat117white,.montserrat117white{color:#ffffff;font-size:113px;font-weight:700;font-family:Montserrat;text-decoration:none;background-color:transparent;border-width:0px;border-color:rgb(0,0,0);border-style:none;text-shadow:none;letter-spacing:-5px} if (setREVStartSize!==undefined) setREVStartSize( {c: &lsquo;#rev_slider_8_1&rsquo;, responsiveLevels: [1240,1024,778,480], gridwidth: [1920,1240,778,480], gridheight: [523,500,500,400], sliderLayout: &lsquo;fullwidth&rsquo;}); var revapi8, tpj; (function() { if (!\/loaded|interactive|complete\/.test(document.readyState)) document.addEventListener(\u00ab\u00a0DOMContentLoaded\u00a0\u00bb,onLoad) else onLoad(); function onLoad() { if (tpj===undefined) { tpj = jQuery; if(\u00ab\u00a0off\u00a0\u00bb == \u00ab\u00a0on\u00a0\u00bb) tpj.noConflict(); } if(tpj(\u00ab\u00a0#rev_slider_8_1\u00a0\u00bb).revolution == undefined){ revslider_showDoubleJqueryError(\u00ab\u00a0#rev_slider_8_1\u00a0\u00bb); }else{ revapi8 = tpj(\u00ab\u00a0#rev_slider_8_1&Prime;).show().revolution({ sliderType:\u00a0\u00bbstandard\u00a0\u00bb, jsFileLocation:\u00a0\u00bb\/\/tunisia88.com\/wp-content\/plugins\/revslider\/public\/assets\/js\/\u00a0\u00bb, sliderLayout:\u00a0\u00bbfullwidth\u00a0\u00bb, dottedOverlay:\u00a0\u00bbnone\u00a0\u00bb, delay:9000, navigation: { keyboardNavigation:\u00a0\u00bboff\u00a0\u00bb, [&hellip;]<\/p>\n","protected":false},"author":1,"featured_media":0,"parent":0,"menu_order":0,"comment_status":"closed","ping_status":"closed","template":"visual-builder-template.php","meta":{"footnotes":""},"class_list":["post-1076","page","type-page","status-publish","hentry"],"_links":{"self":[{"href":"https:\/\/tunisia88.com\/en\/wp-json\/wp\/v2\/pages\/1076","targetHints":{"allow":["GET"]}}],"collection":[{"href":"https:\/\/tunisia88.com\/en\/wp-json\/wp\/v2\/pages"}],"about":[{"href":"https:\/\/tunisia88.com\/en\/wp-json\/wp\/v2\/types\/page"}],"author":[{"embeddable":true,"href":"https:\/\/tunisia88.com\/en\/wp-json\/wp\/v2\/users\/1"}],"replies":[{"embeddable":true,"href":"https:\/\/tunisia88.com\/en\/wp-json\/wp\/v2\/comments?post=1076"}],"version-history":[{"count":59,"href":"https:\/\/tunisia88.com\/en\/wp-json\/wp\/v2\/pages\/1076\/revisions"}],"predecessor-version":[{"id":7355,"href":"https:\/\/tunisia88.com\/en\/wp-json\/wp\/v2\/pages\/1076\/revisions\/7355"}],"wp:attachment":[{"href":"https:\/\/tunisia88.com\/en\/wp-json\/wp\/v2\/media?parent=1076"}],"curies":[{"name":"wp","href":"https:\/\/api.w.org\/{rel}","templated":true}]}}