{"id":6338,"date":"2018-02-18T18:31:03","date_gmt":"2018-02-18T17:31:03","guid":{"rendered":"https:\/\/tunisia88.com\/?page_id=6338"},"modified":"2022-11-07T17:28:15","modified_gmt":"2022-11-07T16:28:15","slug":"radhi-meddeb","status":"publish","type":"page","link":"https:\/\/tunisia88.com\/en\/radhi-meddeb\/","title":{"rendered":"Radhi Meddeb"},"content":{"rendered":"<div class=\"fw-page-builder-content\">\n<h2 class=\"fw-special-title\">Radhi Meddeb<\/h2>\n<p><a href=\"https:\/\/tunisia88.com\/wp-content\/uploads\/2022\/11\/radhi-1.jpeg\"><img loading=\"lazy\" decoding=\"async\" class=\"alignnone size-full wp-image-7137\" src=\"https:\/\/tunisia88.com\/wp-content\/uploads\/2022\/11\/radhi-1.jpeg\" alt=\"\" width=\"257\" height=\"196\" srcset=\"https:\/\/tunisia88.com\/wp-content\/uploads\/2022\/11\/radhi-1.jpeg 257w, https:\/\/tunisia88.com\/wp-content\/uploads\/2022\/11\/radhi-1-16x12.jpeg 16w\" sizes=\"auto, (max-width: 257px) 100vw, 257px\" \/><\/a><\/p>\n<p>Radhi Meddeb is a graduate engineer from the \u00c9cole Polytechnique de Paris (1975) and the Ecole Nationale Sup\u00e9rieure des Mines de Paris (1977).<\/p>\n<p>During his long professional career, he has navigated between industry, development banking, participative finance, engineering, strategic consulting and microfinance.<\/p>\n<p>For several years, he has been working to identify a new development model based on the values of solidarity, inclusion, modernity and performance, and devotes most of his energy to initiating and supervising high-impact activities in the fields of culture, education and financial inclusion<\/p>\n<p>One of these projects, Tunisia88, by giving Tunisian youth the opportunity to access the practice of music in schools, introduces them to leadership, democracy and citizenship.<\/p>\n<p>Il a publie\u0301 en arabe et en franc\u0327ais un livre programme: \u00ab\u00a0Ensemble, construisons la Tunisie de demain: modernite\u0301, solidarite\u0301 et performance\u00a0\u00bb Octobre 2011, a coordonne\u0301 un livre a\u0300 destination des jeunes: \u00ab\u00a0Tounesna\u00a0\u00bb Aou\u0302t 2012 et a publi\u00e9 \u201cLe d\u00e9senchantement du Jasmin\u201d, Mars 2018.<\/p>\n<p><!-- 8916aa324bcd39b468eb79b319c49fd8 --><\/div>","protected":false},"excerpt":{"rendered":"<p>Radhi Meddeb Radhi Meddeb est inge\u0301nieur diplo\u0302me\u0301 de l\u2019E\u0301cole Polytechnique de Paris (1975) et de l\u2019Ecole Nationale Supe\u0301rieure des Mines de Paris (1977). Au cours de sa longue carri\u00e8re professionnelle (45 ans \u00e0 ce jour), il a navigu\u00e9 entre l\u2019industrie, la banque de d\u00e9veloppement, la finance participative, l\u2019ing\u00e9nierie, le conseil strat\u00e9gique et la microfinance. Depuis [&hellip;]<\/p>\n","protected":false},"author":1,"featured_media":0,"parent":0,"menu_order":0,"comment_status":"closed","ping_status":"closed","template":"visual-builder-template.php","meta":{"footnotes":""},"class_list":["post-6338","page","type-page","status-publish","hentry"],"_links":{"self":[{"href":"https:\/\/tunisia88.com\/en\/wp-json\/wp\/v2\/pages\/6338","targetHints":{"allow":["GET"]}}],"collection":[{"href":"https:\/\/tunisia88.com\/en\/wp-json\/wp\/v2\/pages"}],"about":[{"href":"https:\/\/tunisia88.com\/en\/wp-json\/wp\/v2\/types\/page"}],"author":[{"embeddable":true,"href":"https:\/\/tunisia88.com\/en\/wp-json\/wp\/v2\/users\/1"}],"replies":[{"embeddable":true,"href":"https:\/\/tunisia88.com\/en\/wp-json\/wp\/v2\/comments?post=6338"}],"version-history":[{"count":10,"href":"https:\/\/tunisia88.com\/en\/wp-json\/wp\/v2\/pages\/6338\/revisions"}],"predecessor-version":[{"id":7183,"href":"https:\/\/tunisia88.com\/en\/wp-json\/wp\/v2\/pages\/6338\/revisions\/7183"}],"wp:attachment":[{"href":"https:\/\/tunisia88.com\/en\/wp-json\/wp\/v2\/media?parent=6338"}],"curies":[{"name":"wp","href":"https:\/\/api.w.org\/{rel}","templated":true}]}}