{"id":6347,"date":"2018-02-18T18:41:23","date_gmt":"2018-02-18T17:41:23","guid":{"rendered":"https:\/\/tunisia88.com\/?page_id=6347"},"modified":"2020-07-18T20:19:50","modified_gmt":"2020-07-18T19:19:50","slug":"ulrich-h-brunnhuber","status":"publish","type":"page","link":"https:\/\/tunisia88.com\/en\/ulrich-h-brunnhuber\/","title":{"rendered":"Ulrich H. Brunnhuber"},"content":{"rendered":"<div class=\"fw-page-builder-content\">\n<h2 class=\"fw-special-title\">Ulrich H. Brunnhuber <\/h2>\n<p><a href=\"https:\/\/tunisia88.com\/wp-content\/uploads\/2018\/05\/Ulrich-H.Brunnhuber-.png\"><img loading=\"lazy\" decoding=\"async\" class=\"alignnone size-medium wp-image-6616\" src=\"https:\/\/tunisia88.com\/wp-content\/uploads\/2018\/05\/Ulrich-H.Brunnhuber--182x300.png\" alt=\"\" width=\"182\" height=\"300\" srcset=\"https:\/\/tunisia88.com\/wp-content\/uploads\/2018\/05\/Ulrich-H.Brunnhuber--182x300.png 182w, https:\/\/tunisia88.com\/wp-content\/uploads\/2018\/05\/Ulrich-H.Brunnhuber-.png 516w\" sizes=\"auto, (max-width: 182px) 100vw, 182px\" \/><\/a><\/p>\n<p>Ulrich H. Brunnhuber est conseiller strat\u00e9gique et musicien (saxophones) pour Tunisia88. Le jour Ulrich travaille dans le monde du financement de d\u00e9veloppement et la nuit il se transforme en musicien passionn\u00e9 du Jazz. Entre 2013 et 2019, il a servi comme repr\u00e9sentant de la Banque Europ\u00e9enne d\u2019Investissement (BEI) en Tunisie. Ulrich croit en la puissance de la musique comme un outil interculturel efficace pour c\u00e9l\u00e9brer la diversit\u00e9 et enseigner le respect des diff\u00e9rences. Avec plus de 35 ans d&rsquo;exp\u00e9rience en saxophones alto et t\u00e9nor \u00e0 travers le monde, dans des Big Bands et combos de Jazz en Allemagne, aux Etats-Unis, au Royaume-Uni, en France, au Luxembourg, en \u00c9gypte, en Indon\u00e9sie et maintenant en Tunisie, il a d\u00e9velopp\u00e9 un go\u00fbt particulier \u00e0 jouer de la musique dans des lieux sp\u00e9ciaux et inhabituels. Son r\u00eave, r\u00e9alis\u00e9 en \u00e9t\u00e9 2019: \u00ab [&#8230;] jouer avec mes amis de \u201cTunisia88\u201d au coucher du soleil dans l&rsquo;Amphith\u00e9\u00e2tre Romain de Dougga &#8230; \u00bb.<\/p>\n<p><!-- 749a942418eba25d8daceb214013b9b0 --><\/div>\n","protected":false},"excerpt":{"rendered":"<p>Ulrich H. Brunnhuber Ulrich H. Brunnhuber est conseiller strat\u00e9gique et musicien (saxophones) pour Tunisia88. Le jour Ulrich travaille dans le monde du financement de d\u00e9veloppement et la nuit il se transforme en musicien passionn\u00e9 du Jazz. Entre 2013 et 2019, il a servi comme repr\u00e9sentant de la Banque Europ\u00e9enne d\u2019Investissement (BEI) en Tunisie. Ulrich croit [&hellip;]<\/p>\n","protected":false},"author":1,"featured_media":0,"parent":0,"menu_order":0,"comment_status":"closed","ping_status":"closed","template":"visual-builder-template.php","meta":{"footnotes":""},"class_list":["post-6347","page","type-page","status-publish","hentry"],"_links":{"self":[{"href":"https:\/\/tunisia88.com\/en\/wp-json\/wp\/v2\/pages\/6347","targetHints":{"allow":["GET"]}}],"collection":[{"href":"https:\/\/tunisia88.com\/en\/wp-json\/wp\/v2\/pages"}],"about":[{"href":"https:\/\/tunisia88.com\/en\/wp-json\/wp\/v2\/types\/page"}],"author":[{"embeddable":true,"href":"https:\/\/tunisia88.com\/en\/wp-json\/wp\/v2\/users\/1"}],"replies":[{"embeddable":true,"href":"https:\/\/tunisia88.com\/en\/wp-json\/wp\/v2\/comments?post=6347"}],"version-history":[{"count":5,"href":"https:\/\/tunisia88.com\/en\/wp-json\/wp\/v2\/pages\/6347\/revisions"}],"predecessor-version":[{"id":6917,"href":"https:\/\/tunisia88.com\/en\/wp-json\/wp\/v2\/pages\/6347\/revisions\/6917"}],"wp:attachment":[{"href":"https:\/\/tunisia88.com\/en\/wp-json\/wp\/v2\/media?parent=6347"}],"curies":[{"name":"wp","href":"https:\/\/api.w.org\/{rel}","templated":true}]}}