{"id":6469,"date":"2018-04-03T23:03:38","date_gmt":"2018-04-03T22:03:38","guid":{"rendered":"https:\/\/tunisia88.com\/?page_id=6469"},"modified":"2023-02-06T14:44:42","modified_gmt":"2023-02-06T13:44:42","slug":"press","status":"publish","type":"page","link":"https:\/\/tunisia88.com\/en\/press\/","title":{"rendered":"Press"},"content":{"rendered":"<div class=\"fw-page-builder-content\"><img loading=\"lazy\" decoding=\"async\" src=\"https:\/\/tunisia88.com\/wp-content\/plugins\/revslider\/admin\/assets\/images\/dummy.png\" alt=\"\" title=\"a151c7c9\" width=\"1476\" height=\"984\" data-lazyload=\"https:\/\/tunisia88.com\/wp-content\/uploads\/2019\/12\/a151c7c9.jpg\" data-bgposition=\"center center\" data-bgfit=\"cover\" data-bgrepeat=\"no-repeat\" data-bgparallax=\"off\" class=\"rev-slidebg\" data-no-retina><br \/>\n <img loading=\"lazy\" decoding=\"async\" src=\"https:\/\/tunisia88.com\/wp-content\/plugins\/revslider\/admin\/assets\/images\/dummy.png\" alt=\"\" data-ww=\"['2560px','2560px','2560px','2560px']\" data-hh=\"['523px','523px','523px','523px']\" width=\"2560\" height=\"893\" data-lazyload=\"https:\/\/tunisia88.com\/wp-content\/uploads\/2018\/02\/Slide1_ovrl_v2.png\" data-no-retina><br \/>\n PRESSE<br \/>\n.tp-caption.montserrat117white,.montserrat117white{color:#ffffff;font-size:113px;font-weight:700;font-family:Montserrat;text-decoration:none;background-color:transparent;border-width:0px;border-color:rgb(0,0,0);border-style:none;text-shadow:none;letter-spacing:-5px}<br \/>\nif (setREVStartSize!==undefined) setREVStartSize(<br \/>\n {c: &lsquo;#rev_slider_7_1&rsquo;, responsiveLevels: [1240,1024,778,480], gridwidth: [1920,1240,778,480], gridheight: [523,500,500,400], sliderLayout: &lsquo;fullwidth&rsquo;});<br \/>\nvar revapi7,<br \/>\n tpj;<br \/>\n(function() {<br \/>\n if (!\/loaded|interactive|complete\/.test(document.readyState)) document.addEventListener(\u00ab\u00a0DOMContentLoaded\u00a0\u00bb,onLoad)<br \/>\n else<br \/>\n onLoad();<br \/>\n function onLoad() {<br \/>\n if (tpj===undefined) {<br \/>\n tpj = jQuery;<br \/>\n if(\u00ab\u00a0off\u00a0\u00bb == \u00ab\u00a0on\u00a0\u00bb) tpj.noConflict();<br \/>\n }<br \/>\n if(tpj(\u00ab\u00a0#rev_slider_7_1\u00a0\u00bb).revolution == undefined){<br \/>\n revslider_showDoubleJqueryError(\u00ab\u00a0#rev_slider_7_1\u00a0\u00bb);<br \/>\n }else{<br \/>\n revapi7 = tpj(\u00ab\u00a0#rev_slider_7_1&Prime;).show().revolution({<br \/>\n sliderType:\u00a0\u00bbstandard\u00a0\u00bb,<br \/>\n jsFileLocation:\u00a0\u00bb\/\/tunisia88.com\/wp-content\/plugins\/revslider\/public\/assets\/js\/\u00a0\u00bb,<br \/>\n sliderLayout:\u00a0\u00bbfullwidth\u00a0\u00bb,<br \/>\n dottedOverlay:\u00a0\u00bbnone\u00a0\u00bb,<br \/>\n delay:9000,<br \/>\n navigation: {<br \/>\n keyboardNavigation:\u00a0\u00bboff\u00a0\u00bb,<br \/>\n keyboard_direction: \u00ab\u00a0horizontal\u00a0\u00bb,<br \/>\n mouseScrollNavigation:\u00a0\u00bboff\u00a0\u00bb,<br \/>\n mouseScrollReverse:\u00a0\u00bbdefault\u00a0\u00bb,<br \/>\n onHoverStop:\u00a0\u00bboff\u00a0\u00bb,<br \/>\n touch:{<br \/>\n touchenabled:\u00a0\u00bbon\u00a0\u00bb,<br \/>\n touchOnDesktop:\u00a0\u00bboff\u00a0\u00bb,<br \/>\n swipe_threshold: 75,<br \/>\n swipe_min_touches: 50,<br \/>\n swipe_direction: \u00ab\u00a0horizontal\u00a0\u00bb,<br \/>\n drag_block_vertical: false<br \/>\n }<br \/>\n },<br \/>\n responsiveLevels:[1240,1024,778,480],<br \/>\n visibilityLevels:[1240,1024,778,480],<br \/>\n gridwidth:[1920,1240,778,480],<br \/>\n gridheight:[523,500,500,400],<br \/>\n lazyType:\u00a0\u00bbsmart\u00a0\u00bb,<br \/>\n parallax: {<br \/>\n type:\u00a0\u00bbmouse\u00a0\u00bb,<br \/>\n origo:\u00a0\u00bbslidercenter\u00a0\u00bb,<br \/>\n speed:2000,<br \/>\n speedbg:0,<br \/>\n speedls:0,<br \/>\n levels:[2,3,4,5,6,7,12,16,10,50,46,47,48,49,50,55],<br \/>\n },<br \/>\n shadow:0,<br \/>\n spinner:\u00a0\u00bboff\u00a0\u00bb,<br \/>\n stopLoop:\u00a0\u00bbon\u00a0\u00bb,<br \/>\n stopAfterLoops:0,<br \/>\n stopAtSlide:1,<br \/>\n shuffle:\u00a0\u00bboff\u00a0\u00bb,<br \/>\n autoHeight:\u00a0\u00bboff\u00a0\u00bb,<br \/>\n hideThumbsOnMobile:\u00a0\u00bboff\u00a0\u00bb,<br \/>\n hideSliderAtLimit:0,<br \/>\n hideCaptionAtLimit:0,<br \/>\n hideAllCaptionAtLilmit:0,<br \/>\n debugMode:false,<br \/>\n fallbacks: {<br \/>\n simplifyAll:\u00a0\u00bboff\u00a0\u00bb,<br \/>\n nextSlideOnWindowFocus:\u00a0\u00bboff\u00a0\u00bb,<br \/>\n disableFocusListener:false,<br \/>\n }<br \/>\n });<br \/>\n }; \/* END OF revapi call *\/<br \/>\n }; \/* END OF ON LOAD FUNCTION *\/<br \/>\n}()); \/* END OF WRAPPING FUNCTION *\/<\/p>\n<h6 class=\"fw-special-title\">Tunisie: comment des clubs de musique dans les lyc\u00e9es aident les \u00e9l\u00e8ves \u00e0 s&rsquo;\u00e9panouir<\/h6>\n<p> <a class=\"fw-block-image-child fw-ratio-1 fw-ratio-container \" href=\"https:\/\/www.rfi.fr\/fr\/afrique\/20230203-tunisie-comment-des-clubs-de-musique-dans-les-lyc%C3%A9es-aident-les-%C3%A9l%C3%A8ves-%C3%A0-s-ouvrir\" target=\"&#039;_blank&#039;\" rel=\"noopener\"><br \/>\n <img decoding=\"async\" src=\"https:\/\/tunisia88.com\/wp-content\/uploads\/2023\/02\/rfi.png\" alt=\"rfi\" data-maxdpr=\"1.7\" class=\"lazyload\" \/><br \/>\n <\/a><\/p>\n<h6 class=\"fw-special-title\">Tunesien: Mit Bach und Chopin gegen Extremismus | Weltspiegel &#8211; Fevrier 2018 (Original)<\/h6>\n<p> <a class=\"fw-block-image-child fw-ratio-1 fw-ratio-container \" href=\"https:\/\/www.ardmediathek.de\/video\/weltspiegel\/tunesien-mit-bach-und-chopin-gegen-extremismus\/das-erste\/Y3JpZDovL2Rhc2Vyc3RlLmRlL3dlbHRzcGllZ2VsLzEzYTc3MDk2LTAyMGItNGJlMS05N2YwLTJkNjhiOTUzYmEzNg\" target=\"&#039;_blank&#039;\" rel=\"noopener\"><br \/>\n <img decoding=\"async\" src=\"https:\/\/tunisia88.com\/wp-content\/uploads\/2018\/06\/photo.jpg\" alt=\"photo\" data-maxdpr=\"1.7\" class=\"lazyload\" \/><br \/>\n <\/a><\/p>\n<h6 class=\"fw-special-title\">Tunesien: Mit Bach und Chopin gegen Extremismus | Weltspiegel &#8211; Fevrier 2018 (English)<\/h6>\n<p> <a class=\"fw-block-image-child fw-ratio-1 fw-ratio-container \" href=\"https:\/\/drive.google.com\/file\/d\/1aXF3dOoryvjFgCsQDgFdpL09Gzdd77qn\/view?usp=sharing\" target=\"&#039;_blank&#039;\" rel=\"noopener\"><br \/>\n <img decoding=\"async\" src=\"https:\/\/tunisia88.com\/wp-content\/uploads\/2018\/06\/photo.jpg\" alt=\"photo\" data-maxdpr=\"1.7\" class=\"lazyload\" \/><br \/>\n <\/a><\/p>\n<h6 class=\"fw-special-title\">Tunesien: Mit Bach und Chopin gegen Extremismus | Weltspiegel &#8211; Fevrier 2018 (Fran\u00e7ais)<\/h6>\n<p> <a class=\"fw-block-image-child fw-ratio-1 fw-ratio-container \" href=\"https:\/\/drive.google.com\/file\/d\/1HN5yzEhgSV4uxd5dpk_RaxqgMzGOr5Mc\/view?usp=sharing\" target=\"&#039;_blank&#039;\" rel=\"noopener\"><br \/>\n <img decoding=\"async\" src=\"https:\/\/tunisia88.com\/wp-content\/uploads\/2018\/06\/photo.jpg\" alt=\"photo\" data-maxdpr=\"1.7\" class=\"lazyload\" \/><br \/>\n <\/a><\/p>\n<h6 class=\"fw-special-title\">Tunisia88 : Un projet cochant de nombreux crit\u00e8res pour la RSE<\/h6>\n<p> <a class=\"fw-block-image-child fw-ratio-2-1 fw-ratio-container \" href=\"https:\/\/managers.tn\/2022\/06\/01\/tunisia88-un-projet-cochant-de-nombreux-criteres-pour-la-rse\/\" target=\"&#039;_blank&#039;\" rel=\"noopener\"><br \/>\n <img decoding=\"async\" src=\"https:\/\/tunisia88.com\/wp-content\/uploads\/2022\/06\/ZFT8335-ConvertImage-750x375-1.jpg\" alt=\"ZFT8335-ConvertImage-750&#215;375\" data-maxdpr=\"1.7\" class=\"lazyload\" \/><br \/>\n <\/a><\/p>\n<h6 class=\"fw-special-title\">\u00ab Face The Music: Tunisia88 Story\u00bb : Le\u00e7ons de citoyennet\u00e9 et de leadership au c\u0153ur d\u2019une aventure humaine qui a chang\u00e9 des vies<\/h6>\n<p> <a class=\"fw-block-image-child fw-noratio fw-ratio-container \" href=\"https:\/\/www.tap.info.tn\/fr\/Portail-%C3%A0-la-Une-FR-top\/15228390--face-the-music\" target=\"&#039;_blank&#039;\" rel=\"noopener\"><br \/>\n <img decoding=\"async\" src=\"https:\/\/tunisia88.com\/wp-content\/uploads\/2022\/05\/medium.jpg\" alt=\"medium\" data-maxdpr=\"1.7\" class=\"lazyload\" \/><br \/>\n <\/a><\/p>\n<h6 class=\"fw-special-title\">Tribune | Les Alumni de Tunisia 88 : Une lueur d\u2019espoir pour la jeunesse tunisienne<\/h6>\n<p> <a class=\"fw-block-image-child fw-noratio fw-ratio-container \" href=\"https:\/\/lapresse.tn\/129823\/tribune-les-alumni-de-tunisia-88-une-lueur-despoir-pour-la-jeunesse-tunisienne\/\" target=\"&#039;_blank&#039;\" rel=\"noopener\"><br \/>\n <img decoding=\"async\" src=\"https:\/\/tunisia88.com\/wp-content\/uploads\/2020\/06\/logo.png\" alt=\"logo\" data-maxdpr=\"1.7\" class=\"lazyload\" \/><br \/>\n <\/a><\/p>\n<h6 class=\"fw-special-title\">Tribune | Connect\u00e9 \u00e0 distance par le ch\u0153ur et par le c\u0153ur : Tunisia 88 innove\u2026<\/h6>\n<p> <a class=\"fw-block-image-child fw-noratio fw-ratio-container \" href=\"https:\/\/lapresse.tn\/tag\/tunisia-88\/\" target=\"&#039;_blank&#039;\" rel=\"noopener\"><br \/>\n <img decoding=\"async\" src=\"https:\/\/tunisia88.com\/wp-content\/uploads\/2020\/06\/logo.png\" alt=\"logo\" data-maxdpr=\"1.7\" class=\"lazyload\" \/><br \/>\n <\/a><\/p>\n<h6 class=\"fw-special-title\">Tunisia88: music knows no lockdown<\/h6>\n<p> <a class=\"fw-block-image-child fw-noratio fw-ratio-container \" href=\"https:\/\/institute.eib.org\/whatwedo\/tunisia88\/\" target=\"&#039;_blank&#039;\" rel=\"noopener\"><br \/>\n <img decoding=\"async\" src=\"https:\/\/tunisia88.com\/wp-content\/uploads\/2020\/06\/institute-logo.jpg\" alt=\"institute-logo\" data-maxdpr=\"1.7\" class=\"lazyload\" \/><br \/>\n <\/a><\/p>\n<h6 class=\"fw-special-title\">Tunisia 88 : la musique comme moyen d\u2019inclusion sociale<\/h6>\n<p> <a class=\"fw-block-image-child fw-ratio-2-1 fw-ratio-container \" href=\"https:\/\/www.leconomistemaghrebin.com\/2018\/07\/24\/tunisia-88-musique-inclusion\/\" target=\"&#039;_blank&#039;\" rel=\"noopener\"><br \/>\n <img decoding=\"async\" src=\"https:\/\/tunisia88.com\/wp-content\/uploads\/2018\/08\/eco-magreb.png\" alt=\"eco-magreb\" data-maxdpr=\"1.7\" class=\"lazyload\" \/><br \/>\n <\/a><\/p>\n<h6 class=\"fw-special-title\">Musik als Schule f\u00fcrs Leben und als Fenster zur Welt (Original)<\/h6>\n<p> <a class=\"fw-block-image-child fw-noratio fw-ratio-container anchor\" href=\"https:\/\/www.srf.ch\/sendungen\/international\/musik-als-schule-fuers-leben-und-als-fenster-zur-welt#\" target=\"&#039;_blank&#039;\" rel=\"noopener\"><br \/>\n <img decoding=\"async\" src=\"https:\/\/tunisia88.com\/wp-content\/uploads\/2018\/08\/srf-ch.png\" alt=\"srf-ch\" data-maxdpr=\"1.7\" class=\"lazyload\" \/><br \/>\n <\/a><\/p>\n<h6 class=\"fw-special-title\">La musique transforme la jeunesse tunisienne<\/h6>\n<p> <a class=\"fw-block-image-child fw-noratio fw-ratio-container \" href=\"https:\/\/www.pressreader.com\/tunisia\/la-presse-tunisia\/20180405\/281968903251596\" target=\"&#039;_blank&#039;\" rel=\"noopener\"><br \/>\n <img decoding=\"async\" src=\"https:\/\/tunisia88.com\/wp-content\/uploads\/2018\/08\/press-reader.png\" alt=\"press-reader\" data-maxdpr=\"1.7\" class=\"lazyload\" \/><br \/>\n <\/a><\/p>\n<h6 class=\"fw-special-title\">Tunisie 88 \u00e0 Gafsa, Lyc\u00e9e Pilote de Gafsa, apparition sur Al Watanaya<\/h6>\n<p> <a class=\"fw-block-image-child fw-noratio fw-ratio-container \" href=\"https:\/\/www.youtube.com\/playlist?list=PLf1PqbwaqIu2wW2VQe7EQI_ZVSkrfJ57y\" target=\"&#039;_blank&#039;\" rel=\"noopener\"><br \/>\n <img decoding=\"async\" src=\"https:\/\/tunisia88.com\/wp-content\/uploads\/2018\/04\/BN12279wataniya.jpg\" alt=\"BN12279wataniya\" data-maxdpr=\"1.7\" class=\"lazyload\" \/><br \/>\n <\/a><\/p>\n<h6 class=\"fw-special-title\">Tunisie 88 : quand le piano de Kimball Gallagher et de Souhayl Guesmi fait voyager les \u00e9l\u00e8ves tunisiens<\/h6>\n<p> <a class=\"fw-block-image-child fw-noratio fw-ratio-container \" href=\"https:\/\/www.realites.com.tn\/2016\/04\/tunisie-88-quand-le-piano-de-kimball-gallagher-et-de-souhayl-guesmi-fait-voyager-les-eleves-tunisiens\/\" target=\"&#039;_blank&#039;\" rel=\"noopener\"><br \/>\n <img decoding=\"async\" src=\"https:\/\/tunisia88.com\/wp-content\/uploads\/2018\/04\/mobilelogo.png\" alt=\"mobilelogo\" data-maxdpr=\"1.7\" class=\"lazyload\" \/><br \/>\n <\/a><\/p>\n<h6 class=\"fw-special-title\">Se mobiliser pour la culture de la vie !<\/h6>\n<p> <a class=\"fw-block-image-child fw-noratio fw-ratio-container \" href=\"http:\/\/www.lapresse.tn\/component\/culture\/?task=article&#038;id=107204\" target=\"&#039;_blank&#039;\" rel=\"noopener\"><br \/>\n <img decoding=\"async\" src=\"https:\/\/tunisia88.com\/wp-content\/uploads\/2018\/04\/logo-lapresse.jpg\" alt=\"logo-lapresse\" data-maxdpr=\"1.7\" class=\"lazyload\" \/><br \/>\n <\/a><\/p>\n<h6 class=\"fw-special-title\">Kl\u00e4nge gegen den Extremismus<\/h6>\n<p> <a class=\"fw-block-image-child fw-noratio fw-ratio-container \" href=\"https:\/\/www.deutschland.de\/de\/topic\/kultur\/klaenge-gegen-den-extremismus\" target=\"&#039;_blank&#039;\" rel=\"noopener\"><br \/>\n <img decoding=\"async\" src=\"https:\/\/tunisia88.com\/wp-content\/uploads\/2018\/04\/index.png\" alt=\"index\" data-maxdpr=\"1.7\" class=\"lazyload\" \/><br \/>\n <\/a><\/p>\n<h6 class=\"fw-special-title\">En qu\u00eate d\u2019inclusion \u00e0 travers la musique<\/h6>\n<p> <a class=\"fw-block-image-child fw-noratio fw-ratio-container \" href=\"https:\/\/www.pressreader.com\/tunisia\/la-presse-tunisia\/20170728\/281560880864587\" target=\"&#039;_blank&#039;\" rel=\"noopener\"><br \/>\n <img decoding=\"async\" src=\"https:\/\/tunisia88.com\/wp-content\/uploads\/2018\/08\/press-reader.png\" alt=\"press-reader\" data-maxdpr=\"1.7\" class=\"lazyload\" \/><br \/>\n <\/a><\/p>\n<h6 class=\"fw-special-title\">Die Jugendlichen haben Sehns\u00fcchte, Tr\u00e4ume, einen unglaublichen Hunger, die Welt zu entdecken<\/h6>\n<p> <a class=\"fw-block-image-child fw-noratio fw-ratio-container \" href=\"https:\/\/www.nzz.ch\/international\/islamismus-in-tunesien-mit-bach-gegen-extremismus-ld.1304134\" target=\"&#039;_blank&#039;\" rel=\"noopener\"><br \/>\n <img decoding=\"async\" src=\"https:\/\/tunisia88.com\/wp-content\/uploads\/2018\/04\/index_1.png\" alt=\"index_1\" data-maxdpr=\"1.7\" class=\"lazyload\" \/><br \/>\n <\/a><\/p>\n<h6 class=\"fw-special-title\">La musique est intellectuelle&#8230;<\/h6>\n<p> <a class=\"fw-block-image-child fw-noratio fw-ratio-container \" href=\"https:\/\/www.pressreader.com\/tunisia\/la-presse-tunisia\/20180313\/281586651115877\" target=\"&#039;_blank&#039;\" rel=\"noopener\"><br \/>\n <img decoding=\"async\" src=\"https:\/\/tunisia88.com\/wp-content\/uploads\/2018\/04\/logo-lapresse.jpg\" alt=\"logo-lapresse\" data-maxdpr=\"1.7\" class=\"lazyload\" \/><br \/>\n <\/a><\/p>\n<h6 class=\"fw-special-title\">Community Engagement in Tunisia<\/h6>\n<p> <a class=\"fw-block-image-child fw-ratio-16-10 fw-ratio-container anchor\" href=\"http:\/\/online.fliphtml5.com\/tnxj\/ifjx\/#p=20\" target=\"&#039;_blank&#039;\" rel=\"noopener\"><br \/>\n <img decoding=\"async\" src=\"https:\/\/tunisia88.com\/wp-content\/uploads\/2018\/04\/journal.png\" alt=\"journal\" data-maxdpr=\"1.7\" class=\"lazyload\" \/><br \/>\n <\/a><\/p>\n<h6 class=\"fw-special-title\">\u00abTunisie 88\u00bb : DEUX PAYS SE RAPPROCHENT \u00c0 TRAVERS LA MUSIQUE<\/h6>\n<p> <a class=\"fw-block-image-child fw-noratio fw-ratio-container \" href=\"https:\/\/tunisia88.com\/wp-content\/uploads\/2018\/04\/Tunisia88_UGDA-1.pdf\" target=\"&#039;_blank&#039;\" rel=\"noopener\"><br \/>\n <img decoding=\"async\" src=\"https:\/\/tunisia88.com\/wp-content\/uploads\/2018\/04\/index-ugda.png\" alt=\"index-ugda\" data-maxdpr=\"1.7\" class=\"lazyload\" \/><br \/>\n <\/a><\/p>\n<h6 class=\"fw-special-title\">\u00ab Tunisia 88 \u00bb ou l\u2019inclusion par la musique<\/h6>\n<p> <a class=\"fw-block-image-child fw-noratio fw-ratio-container \" href=\"https:\/\/www.pressreader.com\/tunisia\/la-presse-tunisia\/20171203\/281612420726781\" target=\"&#039;_blank&#039;\" rel=\"noopener\"><br \/>\n <img decoding=\"async\" src=\"https:\/\/tunisia88.com\/wp-content\/uploads\/2018\/04\/logo-lapresse.jpg\" alt=\"logo-lapresse\" data-maxdpr=\"1.7\" class=\"lazyload\" \/><br \/>\n <\/a><\/p>\n<h6 class=\"fw-special-title\">Ghomrassen : Carol McQueen pr\u00e9sente \u00e0 l\u2019\u00e9v\u00e9nement Tunisia 88<\/h6>\n<p> <a class=\"fw-block-image-child fw-noratio fw-ratio-container \" href=\"http:\/\/kapitalis.com\/tunisie\/2017\/10\/19\/ghomrassen-carol-mcqueen-presente-a-levenement-tunisia-88\/\" target=\"&#039;_blank&#039;\" rel=\"noopener\"><br \/>\n <img decoding=\"async\" src=\"https:\/\/tunisia88.com\/wp-content\/uploads\/2018\/04\/logo-officiel-kapitalis.png\" alt=\"logo-officiel-kapitalis\" data-maxdpr=\"1.7\" class=\"lazyload\" \/><br \/>\n <\/a><\/p>\n<h6 class=\"fw-special-title\">Tunisie 88 souffle sa premi\u00e8re bougie <\/h6>\n<p> <a class=\"fw-block-image-child fw-noratio fw-ratio-container \" href=\"http:\/\/www.letemps.com.tn\/article\/104210\/tunisie-88-souffle-sa-premi%C3%A8re-bougie\" target=\"&#039;_blank&#039;\" rel=\"noopener\"><br \/>\n <img decoding=\"async\" src=\"https:\/\/tunisia88.com\/wp-content\/uploads\/2018\/04\/letemps.png\" alt=\"letemps\" data-maxdpr=\"1.7\" class=\"lazyload\" \/><br \/>\n <\/a><\/p>\n<p><!-- 5479d9c94f89e16e0d27324881719143 --><\/div>\n","protected":false},"excerpt":{"rendered":"<p>PRESSE .tp-caption.montserrat117white,.montserrat117white{color:#ffffff;font-size:113px;font-weight:700;font-family:Montserrat;text-decoration:none;background-color:transparent;border-width:0px;border-color:rgb(0,0,0);border-style:none;text-shadow:none;letter-spacing:-5px} if (setREVStartSize!==undefined) setREVStartSize( {c: &lsquo;#rev_slider_7_1&rsquo;, responsiveLevels: [1240,1024,778,480], gridwidth: [1920,1240,778,480], gridheight: [523,500,500,400], sliderLayout: &lsquo;fullwidth&rsquo;}); var revapi7, tpj; (function() { if (!\/loaded|interactive|complete\/.test(document.readyState)) document.addEventListener(\u00ab\u00a0DOMContentLoaded\u00a0\u00bb,onLoad) else onLoad(); function onLoad() { if (tpj===undefined) { tpj = jQuery; if(\u00ab\u00a0off\u00a0\u00bb == \u00ab\u00a0on\u00a0\u00bb) tpj.noConflict(); } if(tpj(\u00ab\u00a0#rev_slider_7_1\u00a0\u00bb).revolution == undefined){ revslider_showDoubleJqueryError(\u00ab\u00a0#rev_slider_7_1\u00a0\u00bb); }else{ revapi7 = tpj(\u00ab\u00a0#rev_slider_7_1&Prime;).show().revolution({ sliderType:\u00a0\u00bbstandard\u00a0\u00bb, jsFileLocation:\u00a0\u00bb\/\/tunisia88.com\/wp-content\/plugins\/revslider\/public\/assets\/js\/\u00a0\u00bb, sliderLayout:\u00a0\u00bbfullwidth\u00a0\u00bb, dottedOverlay:\u00a0\u00bbnone\u00a0\u00bb, delay:9000, navigation: { keyboardNavigation:\u00a0\u00bboff\u00a0\u00bb, [&hellip;]<\/p>\n","protected":false},"author":1,"featured_media":0,"parent":0,"menu_order":0,"comment_status":"closed","ping_status":"closed","template":"visual-builder-template.php","meta":{"footnotes":""},"class_list":["post-6469","page","type-page","status-publish","hentry"],"_links":{"self":[{"href":"https:\/\/tunisia88.com\/en\/wp-json\/wp\/v2\/pages\/6469","targetHints":{"allow":["GET"]}}],"collection":[{"href":"https:\/\/tunisia88.com\/en\/wp-json\/wp\/v2\/pages"}],"about":[{"href":"https:\/\/tunisia88.com\/en\/wp-json\/wp\/v2\/types\/page"}],"author":[{"embeddable":true,"href":"https:\/\/tunisia88.com\/en\/wp-json\/wp\/v2\/users\/1"}],"replies":[{"embeddable":true,"href":"https:\/\/tunisia88.com\/en\/wp-json\/wp\/v2\/comments?post=6469"}],"version-history":[{"count":48,"href":"https:\/\/tunisia88.com\/en\/wp-json\/wp\/v2\/pages\/6469\/revisions"}],"predecessor-version":[{"id":7383,"href":"https:\/\/tunisia88.com\/en\/wp-json\/wp\/v2\/pages\/6469\/revisions\/7383"}],"wp:attachment":[{"href":"https:\/\/tunisia88.com\/en\/wp-json\/wp\/v2\/media?parent=6469"}],"curies":[{"name":"wp","href":"https:\/\/api.w.org\/{rel}","templated":true}]}}