{"id":6823,"date":"2019-11-28T23:23:40","date_gmt":"2019-11-28T22:23:40","guid":{"rendered":"https:\/\/tunisia88.com\/?page_id=6823"},"modified":"2022-11-09T16:48:03","modified_gmt":"2022-11-09T15:48:03","slug":"rabaa-mwelhi-2","status":"publish","type":"page","link":"https:\/\/tunisia88.com\/en\/rabaa-mwelhi-2\/","title":{"rendered":"Rabaa Mwelhi"},"content":{"rendered":"<div class=\"fw-page-builder-content\">\n<h2 class=\"fw-special-title\">Rabaa Mwelhi<\/h2>\n<p><a href=\"https:\/\/tunisia88.com\/wp-content\/uploads\/2022\/11\/rabaa-2-e1667748313607.jpg\"><img loading=\"lazy\" decoding=\"async\" class=\"alignnone size-medium wp-image-7128\" src=\"https:\/\/tunisia88.com\/wp-content\/uploads\/2022\/11\/rabaa-2-e1667748313607-288x300.jpg\" alt=\"\" width=\"288\" height=\"300\" srcset=\"https:\/\/tunisia88.com\/wp-content\/uploads\/2022\/11\/rabaa-2-e1667748313607-288x300.jpg 288w, https:\/\/tunisia88.com\/wp-content\/uploads\/2022\/11\/rabaa-2-e1667748313607-12x12.jpg 12w, https:\/\/tunisia88.com\/wp-content\/uploads\/2022\/11\/rabaa-2-e1667748313607.jpg 758w\" sizes=\"auto, (max-width: 288px) 100vw, 288px\" \/><\/a><\/p>\n<p>En tant que Coordinatrice en Chef des Clubs de Tunisia88 depuis 2017, Rabaa Mwelhi est charg\u00e9e de la planification et du suivi des clubs Tunisia88 \u00e0 travers le pays, ainsi que la gestion des Alumni Ex\u00e9cutifs. Sa mission dans le programme, qu\u2019elle traduit \u00e0 travers les mots d\u2019Antoine de Saint Exup\u00e9ry \u201cTu deviens responsable pour toujours de ce que tu as apprivois\u00e9. Tu es responsable de ta rose.\u201d (Le Petit Prince), consiste \u00e0 accompagner les jeunes dans leur d\u00e9couverte de soi avec des approches p\u00e9dagogiques. Elle est titulaire d&rsquo;un master en Litt\u00e9rature et Civilisation Anglaise, et d&rsquo;un master ex\u00e9cutif en Management et Politique de la Culture. Apr\u00e8s avoir enseign\u00e9 l&rsquo;anglais pendant dix ans, elle a acquis une vaste exp\u00e9rience dans une grande vari\u00e9t\u00e9 de m\u00e9thodes d&rsquo;enseignement qui mettent l&rsquo;accent sur le d\u00e9veloppement personnel et l\u2019\u00e9panouissement de l&rsquo;\u00e9tudiant en tant que but principal de l&rsquo;\u00e9ducation. Elle a \u00e9t\u00e9 choisie par le d\u00e9partement d&rsquo;\u00c9tat am\u00e9ricain pour repr\u00e9senter la Tunisie dans le programme Fulbright TEA en 2017, et poss\u00e8de un certificat en enseignement de l&rsquo;adolescence et de la pr\u00e9adolescence de l&rsquo;Universit\u00e9 de l&rsquo;Oregon. Elle a \u00e9galement \u00e9t\u00e9 membre du conseil d&rsquo;administration de l\u2019association Tunisian American Alumni Network (TAAN). Musicienne et chanteuse amateure, elle a particip\u00e9 \u00e0 divers concerts avec le groupe Ouled Bou Makhlouf, troupe de musique\u00a0engag\u00e9e.<\/p>\n<p><!-- c9658a3d99a2088775b5814b84dc3e62 --><\/div>","protected":false},"excerpt":{"rendered":"<p>Rabaa Mwelhi En tant que Coordinatrice en Chef des Clubs de Tunisia88 depuis 2017, Rabaa Mwelhi est charg\u00e9e de la planification et du suivi des clubs Tunisia88 \u00e0 travers le pays, ainsi que la gestion des Alumni Ex\u00e9cutifs. Sa mission dans le programme, qu\u2019elle traduit \u00e0 travers les mots d\u2019Antoine de Saint Exup\u00e9ry \u201cTu deviens [&hellip;]<\/p>\n","protected":false},"author":1,"featured_media":0,"parent":0,"menu_order":0,"comment_status":"closed","ping_status":"closed","template":"visual-builder-template.php","meta":{"footnotes":""},"class_list":["post-6823","page","type-page","status-publish","hentry"],"_links":{"self":[{"href":"https:\/\/tunisia88.com\/en\/wp-json\/wp\/v2\/pages\/6823","targetHints":{"allow":["GET"]}}],"collection":[{"href":"https:\/\/tunisia88.com\/en\/wp-json\/wp\/v2\/pages"}],"about":[{"href":"https:\/\/tunisia88.com\/en\/wp-json\/wp\/v2\/types\/page"}],"author":[{"embeddable":true,"href":"https:\/\/tunisia88.com\/en\/wp-json\/wp\/v2\/users\/1"}],"replies":[{"embeddable":true,"href":"https:\/\/tunisia88.com\/en\/wp-json\/wp\/v2\/comments?post=6823"}],"version-history":[{"count":5,"href":"https:\/\/tunisia88.com\/en\/wp-json\/wp\/v2\/pages\/6823\/revisions"}],"predecessor-version":[{"id":7208,"href":"https:\/\/tunisia88.com\/en\/wp-json\/wp\/v2\/pages\/6823\/revisions\/7208"}],"wp:attachment":[{"href":"https:\/\/tunisia88.com\/en\/wp-json\/wp\/v2\/media?parent=6823"}],"curies":[{"name":"wp","href":"https:\/\/api.w.org\/{rel}","templated":true}]}}