{"id":6886,"date":"2020-06-22T23:59:34","date_gmt":"2020-06-22T22:59:34","guid":{"rendered":"https:\/\/tunisia88.com\/?page_id=6886"},"modified":"2020-06-22T23:59:34","modified_gmt":"2020-06-22T22:59:34","slug":"ferid-mbarek","status":"publish","type":"page","link":"https:\/\/tunisia88.com\/en\/ferid-mbarek\/","title":{"rendered":"Ferid Mbarek"},"content":{"rendered":"<div class=\"fw-page-builder-content\">\n<h2 class=\"fw-special-title\">Ferid Mbarek<\/h2>\n<p><a href=\"https:\/\/tunisia88.com\/wp-content\/uploads\/2018\/05\/Farid-Mbarek-.jpg\"><img loading=\"lazy\" decoding=\"async\" class=\"alignnone size-medium wp-image-6579\" src=\"https:\/\/tunisia88.com\/wp-content\/uploads\/2018\/05\/Farid-Mbarek-.jpg\" width=\"200\" height=\"300\" \/><\/a><\/p>\n<p>Professeur principal \u00e9m\u00e9rite de l&rsquo;enseignement secondaire, syndicaliste et membre de la Ligue tunisienne des droits de l&rsquo;homme. En tant que secr\u00e9taire g\u00e9n\u00e9ral, puis pr\u00e9sident du Club Unesco Alecso de Gafsa, Farid a particip\u00e9 \u00e0 la r\u00e9alisation de nombreux projets qui vise la protection de l\u2019environnement, la promotion du patrimoine artisanal de Gafsa, l&rsquo;insertion des jeunes marginalis\u00e9s dans la vie socio-\u00e9conomique, l\u2019\u00e9ducation \u00e0 la citoyennet\u00e9 et la promotion du tourisme culturel entre Gafsa et Nantes en France, puis entre Gafsa et Caen en Normandie. Farid a \u00e9galement particip\u00e9 \u00e0 l&rsquo;organisation du premier concert de musique classique \u00e0 Gafsa et \u00e0 la creation du premier club Tunisia88 au Lyc\u00e9e pilote de Gafsa.<\/p>\n<p><!-- 88a34a4d809b02edef4c654dd74e269f --><\/div>","protected":false},"excerpt":{"rendered":"<p>Ferid Mbarek Professeur principal \u00e9m\u00e9rite de l&rsquo;enseignement secondaire, syndicaliste et membre de la Ligue tunisienne des droits de l&rsquo;homme. En tant que secr\u00e9taire g\u00e9n\u00e9ral, puis pr\u00e9sident du Club Unesco Alecso de Gafsa, Farid a particip\u00e9 \u00e0 la r\u00e9alisation de nombreux projets qui vise la protection de l\u2019environnement, la promotion du patrimoine artisanal de Gafsa, l&rsquo;insertion [&hellip;]<\/p>\n","protected":false},"author":1,"featured_media":0,"parent":0,"menu_order":0,"comment_status":"closed","ping_status":"closed","template":"visual-builder-template.php","meta":{"footnotes":""},"class_list":["post-6886","page","type-page","status-publish","hentry"],"_links":{"self":[{"href":"https:\/\/tunisia88.com\/en\/wp-json\/wp\/v2\/pages\/6886","targetHints":{"allow":["GET"]}}],"collection":[{"href":"https:\/\/tunisia88.com\/en\/wp-json\/wp\/v2\/pages"}],"about":[{"href":"https:\/\/tunisia88.com\/en\/wp-json\/wp\/v2\/types\/page"}],"author":[{"embeddable":true,"href":"https:\/\/tunisia88.com\/en\/wp-json\/wp\/v2\/users\/1"}],"replies":[{"embeddable":true,"href":"https:\/\/tunisia88.com\/en\/wp-json\/wp\/v2\/comments?post=6886"}],"version-history":[{"count":3,"href":"https:\/\/tunisia88.com\/en\/wp-json\/wp\/v2\/pages\/6886\/revisions"}],"predecessor-version":[{"id":6889,"href":"https:\/\/tunisia88.com\/en\/wp-json\/wp\/v2\/pages\/6886\/revisions\/6889"}],"wp:attachment":[{"href":"https:\/\/tunisia88.com\/en\/wp-json\/wp\/v2\/media?parent=6886"}],"curies":[{"name":"wp","href":"https:\/\/api.w.org\/{rel}","templated":true}]}}