{"id":6895,"date":"2020-06-23T00:11:24","date_gmt":"2020-06-22T23:11:24","guid":{"rendered":"https:\/\/tunisia88.com\/?page_id=6895"},"modified":"2020-06-23T00:11:24","modified_gmt":"2020-06-22T23:11:24","slug":"kamel-guesmi-2","status":"publish","type":"page","link":"https:\/\/tunisia88.com\/en\/kamel-guesmi-2\/","title":{"rendered":"Kamel Guesmi"},"content":{"rendered":"<div class=\"fw-page-builder-content\">\n<h2 class=\"fw-special-title\">Kamel Guesmi<\/h2>\n<p><a href=\"https:\/\/tunisia88.com\/wp-content\/uploads\/2018\/06\/Kamel-Guesmi.jpg\"><img loading=\"lazy\" decoding=\"async\" class=\"alignnone size-medium wp-image-6579\" src=\"https:\/\/tunisia88.com\/wp-content\/uploads\/2018\/06\/Kamel-Guesmi.jpg\" width=\"200\" height=\"300\" \/><\/a><\/p>\n<p>Kamel Guesmi, professeur de lyc\u00e9e et syndicaliste. Il a enseign\u00e9 \u00e0 l&rsquo;Institut de formation des enseignants et a \u00e9t\u00e9 nomm\u00e9 conseiller p\u00e9dagogique. Kamel a aid\u00e9 \u00e0 organiser plusieurs \u00e9v\u00e9nements culturels dans la r\u00e9gion de Jendouba. Il a \u00e9galement \u00e9t\u00e9 choisi comme directeur de centre \u00e9lectoral lors des \u00e9lections de 2012 et 2014<\/p>\n<p><!-- 5f54f178e0e0c1bc6b755423ccc6fe71 --><\/div>","protected":false},"excerpt":{"rendered":"<p>Kamel Guesmi Kamel Guesmi, professeur de lyc\u00e9e et syndicaliste. Il a enseign\u00e9 \u00e0 l&rsquo;Institut de formation des enseignants et a \u00e9t\u00e9 nomm\u00e9 conseiller p\u00e9dagogique. Kamel a aid\u00e9 \u00e0 organiser plusieurs \u00e9v\u00e9nements culturels dans la r\u00e9gion de Jendouba. Il a \u00e9galement \u00e9t\u00e9 choisi comme directeur de centre \u00e9lectoral lors des \u00e9lections de 2012 et 2014<\/p>","protected":false},"author":1,"featured_media":0,"parent":0,"menu_order":0,"comment_status":"closed","ping_status":"closed","template":"visual-builder-template.php","meta":{"footnotes":""},"class_list":["post-6895","page","type-page","status-publish","hentry"],"_links":{"self":[{"href":"https:\/\/tunisia88.com\/en\/wp-json\/wp\/v2\/pages\/6895","targetHints":{"allow":["GET"]}}],"collection":[{"href":"https:\/\/tunisia88.com\/en\/wp-json\/wp\/v2\/pages"}],"about":[{"href":"https:\/\/tunisia88.com\/en\/wp-json\/wp\/v2\/types\/page"}],"author":[{"embeddable":true,"href":"https:\/\/tunisia88.com\/en\/wp-json\/wp\/v2\/users\/1"}],"replies":[{"embeddable":true,"href":"https:\/\/tunisia88.com\/en\/wp-json\/wp\/v2\/comments?post=6895"}],"version-history":[{"count":2,"href":"https:\/\/tunisia88.com\/en\/wp-json\/wp\/v2\/pages\/6895\/revisions"}],"predecessor-version":[{"id":6897,"href":"https:\/\/tunisia88.com\/en\/wp-json\/wp\/v2\/pages\/6895\/revisions\/6897"}],"wp:attachment":[{"href":"https:\/\/tunisia88.com\/en\/wp-json\/wp\/v2\/media?parent=6895"}],"curies":[{"name":"wp","href":"https:\/\/api.w.org\/{rel}","templated":true}]}}