{"id":6899,"date":"2020-06-23T00:17:59","date_gmt":"2020-06-22T23:17:59","guid":{"rendered":"https:\/\/tunisia88.com\/?page_id=6899"},"modified":"2020-06-23T00:17:59","modified_gmt":"2020-06-22T23:17:59","slug":"leila-arjoun-2","status":"publish","type":"page","link":"https:\/\/tunisia88.com\/en\/leila-arjoun-2\/","title":{"rendered":"Leila Arjoun"},"content":{"rendered":"<div class=\"fw-page-builder-content\">\n<h2 class=\"fw-special-title\">Leila Arjoun<\/h2>\n<p><a href=\"https:\/\/tunisia88.com\/wp-content\/uploads\/2018\/05\/Leila-Arjoun-.png\"><img loading=\"lazy\" decoding=\"async\" class=\"alignnone size-medium wp-image-6579\" src=\"https:\/\/tunisia88.com\/wp-content\/uploads\/2018\/05\/Leila-Arjoun-.png\" width=\"200\" height=\"300\" \/><\/a><\/p>\n<p>Ma\u00eetrise en traduction : Fran\u00e7ais, Anglais, Arabe, Espagnol professeur \u00e9m\u00e9rite de Fran\u00e7ais , pr\u00e9sidente de l association Tunisienne des Enseignants de Fran\u00e7ais ATEF, Formatrice en didactique, formatrice en th\u00e9\u00e2tre scolaire Francophone, repr\u00e9sentante r\u00e9gionale de Tunisia 88.<\/p>\n<p><!-- 2fb4ce01188cfbf4a475af7e3bc0e914 --><\/div>","protected":false},"excerpt":{"rendered":"<p>Leila Arjoun Ma\u00eetrise en traduction : Fran\u00e7ais, Anglais, Arabe, Espagnol professeur \u00e9m\u00e9rite de Fran\u00e7ais , pr\u00e9sidente de l association Tunisienne des Enseignants de Fran\u00e7ais ATEF, Formatrice en didactique, formatrice en th\u00e9\u00e2tre scolaire Francophone, repr\u00e9sentante r\u00e9gionale de Tunisia 88.<\/p>","protected":false},"author":1,"featured_media":0,"parent":0,"menu_order":0,"comment_status":"closed","ping_status":"closed","template":"visual-builder-template.php","meta":{"footnotes":""},"class_list":["post-6899","page","type-page","status-publish","hentry"],"_links":{"self":[{"href":"https:\/\/tunisia88.com\/en\/wp-json\/wp\/v2\/pages\/6899","targetHints":{"allow":["GET"]}}],"collection":[{"href":"https:\/\/tunisia88.com\/en\/wp-json\/wp\/v2\/pages"}],"about":[{"href":"https:\/\/tunisia88.com\/en\/wp-json\/wp\/v2\/types\/page"}],"author":[{"embeddable":true,"href":"https:\/\/tunisia88.com\/en\/wp-json\/wp\/v2\/users\/1"}],"replies":[{"embeddable":true,"href":"https:\/\/tunisia88.com\/en\/wp-json\/wp\/v2\/comments?post=6899"}],"version-history":[{"count":2,"href":"https:\/\/tunisia88.com\/en\/wp-json\/wp\/v2\/pages\/6899\/revisions"}],"predecessor-version":[{"id":6901,"href":"https:\/\/tunisia88.com\/en\/wp-json\/wp\/v2\/pages\/6899\/revisions\/6901"}],"wp:attachment":[{"href":"https:\/\/tunisia88.com\/en\/wp-json\/wp\/v2\/media?parent=6899"}],"curies":[{"name":"wp","href":"https:\/\/api.w.org\/{rel}","templated":true}]}}