{"id":6903,"date":"2020-06-23T00:24:05","date_gmt":"2020-06-22T23:24:05","guid":{"rendered":"https:\/\/tunisia88.com\/?page_id=6903"},"modified":"2020-06-24T11:14:22","modified_gmt":"2020-06-24T10:14:22","slug":"amel-lachheb-3","status":"publish","type":"page","link":"https:\/\/tunisia88.com\/en\/amel-lachheb-3\/","title":{"rendered":"Amel Lachheb"},"content":{"rendered":"<div class=\"fw-page-builder-content\">\n<h2 class=\"fw-special-title\">Amel Lachheb<\/h2>\n<p><a href=\"https:\/\/tunisia88.com\/wp-content\/uploads\/2018\/05\/Amel-Lachheb.png\"><img loading=\"lazy\" decoding=\"async\" class=\"alignnone size-medium wp-image-6579\" src=\"https:\/\/tunisia88.com\/wp-content\/uploads\/2018\/05\/Amel-Lachheb.png\" width=\"200\" height=\"300\" \/><\/a><\/p>\n<p>Professeure principale \u00e9m\u00e9rite de l&rsquo;enseignement secondaire. Elle est coordinatrice du club de cin\u00e9ma et de d\u00e9bat de son lyc\u00e9e et experte \u00e0 l&rsquo;Association pour la promotion de l&rsquo;\u00e9ducation \u00e0 la citoyennet\u00e9 (APEC). Elle a r\u00e9alis\u00e9 deux projets dans le cadre de l&rsquo;\u00e9ducation \u00e0 la citoyennet\u00e9 et de la sensibilisation \u00e9lectorale aupr\u00e8s des lyc\u00e9ens. Amel a en outre organis\u00e9 un \u00e9change culturel entre les \u00e9l\u00e8ves de Gafsa et de Nantes ainsi qu&rsquo;un autre entre Gafsa et Caen dans le cadre du projet: Formation de 80 femmes potentiellement candidates aux \u00e9lections municipales Elle est actuellement tr\u00e9sori\u00e8re adjointe du Club Unesco Alecso de Gafsa. Amel a particip\u00e9 activement \u00e0 l&rsquo;organisation du premier concert de musique classique \u00e0 Gafsa et \u00e0 la cr\u00e9ation du premier club Tunisia 88 au Lyc\u00e9e pilote de Gafsa.<\/p>\n<p><!-- bc5950d49985f174c1fda07d1d8914ed --><\/div>","protected":false},"excerpt":{"rendered":"<p>Amel Lachheb Professeure principale \u00e9m\u00e9rite de l&rsquo;enseignement secondaire. Elle est coordinatrice du club de cin\u00e9ma et de d\u00e9bat de son lyc\u00e9e et experte \u00e0 l&rsquo;Association pour la promotion de l&rsquo;\u00e9ducation \u00e0 la citoyennet\u00e9 (APEC). Elle a r\u00e9alis\u00e9 deux projets dans le cadre de l&rsquo;\u00e9ducation \u00e0 la citoyennet\u00e9 et de la sensibilisation \u00e9lectorale aupr\u00e8s des lyc\u00e9ens. [&hellip;]<\/p>\n","protected":false},"author":1,"featured_media":0,"parent":0,"menu_order":0,"comment_status":"closed","ping_status":"closed","template":"visual-builder-template.php","meta":{"footnotes":""},"class_list":["post-6903","page","type-page","status-publish","hentry"],"_links":{"self":[{"href":"https:\/\/tunisia88.com\/en\/wp-json\/wp\/v2\/pages\/6903","targetHints":{"allow":["GET"]}}],"collection":[{"href":"https:\/\/tunisia88.com\/en\/wp-json\/wp\/v2\/pages"}],"about":[{"href":"https:\/\/tunisia88.com\/en\/wp-json\/wp\/v2\/types\/page"}],"author":[{"embeddable":true,"href":"https:\/\/tunisia88.com\/en\/wp-json\/wp\/v2\/users\/1"}],"replies":[{"embeddable":true,"href":"https:\/\/tunisia88.com\/en\/wp-json\/wp\/v2\/comments?post=6903"}],"version-history":[{"count":3,"href":"https:\/\/tunisia88.com\/en\/wp-json\/wp\/v2\/pages\/6903\/revisions"}],"predecessor-version":[{"id":6913,"href":"https:\/\/tunisia88.com\/en\/wp-json\/wp\/v2\/pages\/6903\/revisions\/6913"}],"wp:attachment":[{"href":"https:\/\/tunisia88.com\/en\/wp-json\/wp\/v2\/media?parent=6903"}],"curies":[{"name":"wp","href":"https:\/\/api.w.org\/{rel}","templated":true}]}}