{"id":6957,"date":"2022-01-03T18:48:36","date_gmt":"2022-01-03T17:48:36","guid":{"rendered":"https:\/\/tunisia88.com\/?page_id=6957"},"modified":"2022-12-07T13:25:41","modified_gmt":"2022-12-07T12:25:41","slug":"donate-now","status":"publish","type":"page","link":"https:\/\/tunisia88.com\/en\/donate-now\/","title":{"rendered":"DONATE"},"content":{"rendered":"<div class=\"fw-page-builder-content\"><img decoding=\"async\" src=\"https:\/\/tunisia88.com\/wp-content\/uploads\/2022\/01\/Website-Donate-Banner.png\" alt=\"Website Donate Banner\" data-maxdpr=\"1.7\" class=\"lazyload\" \/> <\/p>\n<p style=\"text-align: center;\">Chez Tunisia88, nous croyons que l&rsquo;excellence est inspir\u00e9e par la musique. Nous encourageons la cr\u00e9ativit\u00e9 des jeunes Tunisiens afin qu&rsquo;ils puissent devenir des citoyens du monde influents.<\/p>\n<p> <a href=\"#donatenow\" target=\"_self\" class=\"fw-btn tf-sh-dfcc7d5768fcd38b0feef10342e0b6a2 fw-btn-lg anchor fw-btn-1\" style=\"\" rel=\"noopener\"><br \/>\n FAIRE UN DON\u00a0\u00a0\u00a0\u00a0<br \/>\n <\/a><br \/>\n <img decoding=\"async\" src=\"https:\/\/tunisia88.com\/wp-content\/uploads\/2015\/08\/01About.png\" alt=\"01About\" data-maxdpr=\"1.7\" width=\"102\" class=\"lazyload\" \/> <\/p>\n<h2 class=\"fw-special-title\">LA MUSIQUE EST LA FEN\u00caTRE<\/h2>\n<p> au monde pour nos \u00e9tudiants en Tunisie.<\/p>\n<p>La cr\u00e9ativit\u00e9 inspire l&rsquo;excellence et gr\u00e2ce \u00e0 nos clubs de musique, les Tunisiens de demain sont form\u00e9s pour participer de mani\u00e8re significative \u00e0 l&rsquo;\u00e9conomie mondiale.<\/p>\n<p>Nous cr\u00e9ons la prochaine g\u00e9n\u00e9ration de super-h\u00e9ros tunisiens gr\u00e2ce au pouvoir de la musique.<\/p>\n<h2 class=\"fw-special-title\">Soutenez notre travail aujourd&rsquo;hui. Soutenez la transformation.<\/h2>\n<p> Faites un don pour renforcer l&rsquo;autonomie des \u00e9tudiants tunisiens.<br \/>\n(function(w, d, s, id){var js, fjs = d.getElementsByTagName(s)[0];if (d.getElementById(id)) return;js = d.createElement(s); js.id = id;js.src = \u00ab\u00a0https:\/\/secure.qgiv.com\/resources\/core\/js\/embed.js\u00a0\u00bb;fjs.parentNode.insertBefore(js, fjs);})(window, document, &lsquo;script&rsquo;, &lsquo;qgiv-embedjs&rsquo;); <\/p>\n<p>Le club Tunisia88 a contribu\u00e9 \u00e0 la promotion de l&rsquo;activit\u00e9 culturelle dans notre \u00e9cole, ainsi qu&rsquo;en dehors de celle-ci. Tunisia88 a appris \u00e0 tous les membres du club l&rsquo;importance de la musique dans notre communaut\u00e9. Ils ont cr\u00e9\u00e9 un excellent environnement au sein de notre \u00e9tablissement.<\/p>\n<p> Mohamed<br \/>\n School Director<\/p>\n<p>C&rsquo;est \u00e9blouissant ce que mon fils et ses coll\u00e8gues ont pu faire sur tous les fronts ; maturit\u00e9, responsabilit\u00e9, ponctualit\u00e9 ainsi que leur gestion du temps. De plus, voyager avec Tunisia88 leur a permis d&rsquo;explorer de nouvelles civilisations, de nouvelles cultures, de nouvelles traditions et coutumes. Je soutiens fortement M. Kimball et Mme Rabaa et l&rsquo;\u00e9quipe de Tunisia88 pour tous leurs efforts pour les jeunes tunisiens ; pour nos fils et filles et pour tout le monde, merci pour tout.<\/p>\n<p> Tarek<br \/>\n Father of Mounir, Tunisia88 Alumni<\/p>\n<p>Ma fille est devenue membre d&rsquo;un club de Tunisie88 \u00e0 la fin de 2017. Cette exp\u00e9rience s&rsquo;est av\u00e9r\u00e9e fructueuse. Elle a approfondi ses connaissances en musique et en guitare qu&rsquo;elle adore, le tout dans une ambiance entour\u00e9e de professeurs et de professionnels. Ils travaillent toujours en groupe, ce qui est inhabituel et tr\u00e8s b\u00e9n\u00e9fique. Ils organisent des \u00e9v\u00e9nements ensemble et apprennent \u00e0 g\u00e9rer leur temps.<\/p>\n<p> Kansa<br \/>\n Mother of Khawla, Tunisia88 Club Member<br \/>\n <a class=\"prev\" id=\"testimonials-000ed852eea98facfd901a63993b4a90-prev\" href=\"#\"><\/a><br \/>\n <a class=\"next\" id=\"testimonials-000ed852eea98facfd901a63993b4a90-next\" href=\"#\"><\/a><\/p>\n<p><!-- c60903c36d2bad52e880aa2cee2a4dcd --><\/div>\n","protected":false},"excerpt":{"rendered":"<p>Chez Tunisia88, nous croyons que l&rsquo;excellence est inspir\u00e9e par la musique. Nous encourageons la cr\u00e9ativit\u00e9 des jeunes Tunisiens afin qu&rsquo;ils puissent devenir des citoyens du monde influents. FAIRE UN DON\u00a0\u00a0\u00a0\u00a0 LA MUSIQUE EST LA FEN\u00caTRE au monde pour nos \u00e9tudiants en Tunisie. La cr\u00e9ativit\u00e9 inspire l&rsquo;excellence et gr\u00e2ce \u00e0 nos clubs de musique, les Tunisiens [&hellip;]<\/p>\n","protected":false},"author":1,"featured_media":0,"parent":0,"menu_order":0,"comment_status":"closed","ping_status":"closed","template":"visual-builder-template.php","meta":{"footnotes":""},"class_list":["post-6957","page","type-page","status-publish","hentry"],"_links":{"self":[{"href":"https:\/\/tunisia88.com\/en\/wp-json\/wp\/v2\/pages\/6957","targetHints":{"allow":["GET"]}}],"collection":[{"href":"https:\/\/tunisia88.com\/en\/wp-json\/wp\/v2\/pages"}],"about":[{"href":"https:\/\/tunisia88.com\/en\/wp-json\/wp\/v2\/types\/page"}],"author":[{"embeddable":true,"href":"https:\/\/tunisia88.com\/en\/wp-json\/wp\/v2\/users\/1"}],"replies":[{"embeddable":true,"href":"https:\/\/tunisia88.com\/en\/wp-json\/wp\/v2\/comments?post=6957"}],"version-history":[{"count":22,"href":"https:\/\/tunisia88.com\/en\/wp-json\/wp\/v2\/pages\/6957\/revisions"}],"predecessor-version":[{"id":7309,"href":"https:\/\/tunisia88.com\/en\/wp-json\/wp\/v2\/pages\/6957\/revisions\/7309"}],"wp:attachment":[{"href":"https:\/\/tunisia88.com\/en\/wp-json\/wp\/v2\/media?parent=6957"}],"curies":[{"name":"wp","href":"https:\/\/api.w.org\/{rel}","templated":true}]}}