{"id":7140,"date":"2022-11-06T17:51:28","date_gmt":"2022-11-06T16:51:28","guid":{"rendered":"https:\/\/tunisia88.com\/?page_id=7140"},"modified":"2022-11-07T11:40:14","modified_gmt":"2022-11-07T10:40:14","slug":"gabo-arora","status":"publish","type":"page","link":"https:\/\/tunisia88.com\/en\/gabo-arora\/","title":{"rendered":"Gabo Arora"},"content":{"rendered":"<div class=\"fw-page-builder-content\">\n<h3>Gabo Arora<\/h3>\n<p><a href=\"https:\/\/tunisia88.com\/wp-content\/uploads\/2022\/11\/88int-2.jpg\"><img loading=\"lazy\" decoding=\"async\" class=\"alignnone size-full wp-image-7114\" src=\"https:\/\/tunisia88.com\/wp-content\/uploads\/2022\/11\/88int-2.jpg\" alt=\"\" width=\"222\" height=\"236\" srcset=\"https:\/\/tunisia88.com\/wp-content\/uploads\/2022\/11\/88int-2.jpg 222w, https:\/\/tunisia88.com\/wp-content\/uploads\/2022\/11\/88int-2-11x12.jpg 11w\" sizes=\"auto, (max-width: 222px) 100vw, 222px\" \/><\/a><\/p>\n<p>Gabo Arora est un cin\u00e9aste am\u00e9ricain, un technologue cr\u00e9atif et le fondateur et directeur g\u00e9n\u00e9ral de LIGHTSHED, un studio sp\u00e9cialis\u00e9 dans les technologies \u00e9mergentes. Il est professeur \u00e0 l&rsquo;universit\u00e9 Johns Hopkins, o\u00f9 il est le directeur fondateur du nouveau programme et laboratoire Immersive Storytelling and Emerging Technology (ISET). Auparavant, il \u00e9tait conseiller politique principal du secr\u00e9taire g\u00e9n\u00e9ral Ban Ki-moon et premier directeur cr\u00e9atif de l&rsquo;ONU, avec plus de 15 ans d&rsquo;exp\u00e9rience sur le terrain. Il a r\u00e9alis\u00e9 et produit une s\u00e9rie de documentaires en r\u00e9alit\u00e9 virtuelle (Clouds Over Sidra, Waves of Grace, My Mother&rsquo;s Wing) pour les Nations unies, qui ont \u00e9t\u00e9 pr\u00e9sent\u00e9s en avant-premi\u00e8re dans des festivals de cin\u00e9ma, au Forum \u00e9conomique mondial de Davos, projet\u00e9s \u00e0 la Maison Blanche et expos\u00e9s au programme inaugural du Museum of Modern Art sur la narration immersive.<\/p>\n<p>Son exp\u00e9rience de RV, \u00ab\u00a0The Last Goodbye\u00a0\u00bb, command\u00e9e par la Shoah Foundation de Steven Spielberg, a \u00e9t\u00e9 pr\u00e9sent\u00e9e en premi\u00e8re au festival du film de Tribeca, le LA Times l&rsquo;ayant qualifi\u00e9e de \u00ab\u00a0game changing\u00a0\u00bb et de \u00ab\u00a0transcendant toutes les barri\u00e8res typiques du cin\u00e9ma rectangulaire.<\/p>\n<p>Originaire de New York, Gabo est \u00e9galement titulaire de dipl\u00f4mes avec distinction de l&rsquo;universit\u00e9 de New York et de l&rsquo;universit\u00e9 Johns Hopkins. Il est un leader artistique et culturel du Forum \u00e9conomique mondial de Davos et a \u00e9t\u00e9 propos\u00e9 pour un mandat de membre au Council on Foreign Relations par Francis Fukuyama.<\/p>\n<p><!-- 90eae1ae76ed9580a700cde1c7966c38 --><\/div>","protected":false},"excerpt":{"rendered":"<p>Gabo Arora Gabo Arora est un cin\u00e9aste am\u00e9ricain, un technologue cr\u00e9atif et le fondateur et directeur g\u00e9n\u00e9ral de LIGHTSHED, un studio sp\u00e9cialis\u00e9 dans les technologies \u00e9mergentes. Il est professeur \u00e0 l&rsquo;universit\u00e9 Johns Hopkins, o\u00f9 il est le directeur fondateur du nouveau programme et laboratoire Immersive Storytelling and Emerging Technology (ISET). Auparavant, il \u00e9tait conseiller politique [&hellip;]<\/p>\n","protected":false},"author":1,"featured_media":0,"parent":0,"menu_order":0,"comment_status":"closed","ping_status":"closed","template":"visual-builder-template.php","meta":{"footnotes":""},"class_list":["post-7140","page","type-page","status-publish","hentry"],"_links":{"self":[{"href":"https:\/\/tunisia88.com\/en\/wp-json\/wp\/v2\/pages\/7140","targetHints":{"allow":["GET"]}}],"collection":[{"href":"https:\/\/tunisia88.com\/en\/wp-json\/wp\/v2\/pages"}],"about":[{"href":"https:\/\/tunisia88.com\/en\/wp-json\/wp\/v2\/types\/page"}],"author":[{"embeddable":true,"href":"https:\/\/tunisia88.com\/en\/wp-json\/wp\/v2\/users\/1"}],"replies":[{"embeddable":true,"href":"https:\/\/tunisia88.com\/en\/wp-json\/wp\/v2\/comments?post=7140"}],"version-history":[{"count":3,"href":"https:\/\/tunisia88.com\/en\/wp-json\/wp\/v2\/pages\/7140\/revisions"}],"predecessor-version":[{"id":7150,"href":"https:\/\/tunisia88.com\/en\/wp-json\/wp\/v2\/pages\/7140\/revisions\/7150"}],"wp:attachment":[{"href":"https:\/\/tunisia88.com\/en\/wp-json\/wp\/v2\/media?parent=7140"}],"curies":[{"name":"wp","href":"https:\/\/api.w.org\/{rel}","templated":true}]}}