{"id":7144,"date":"2022-11-06T18:02:29","date_gmt":"2022-11-06T17:02:29","guid":{"rendered":"https:\/\/tunisia88.com\/?page_id=7144"},"modified":"2022-11-07T11:45:44","modified_gmt":"2022-11-07T10:45:44","slug":"7144-2","status":"publish","type":"page","link":"https:\/\/tunisia88.com\/en\/7144-2\/","title":{"rendered":"David Rosenweig"},"content":{"rendered":"<div class=\"fw-page-builder-content\">\n<h3>David Rosensweig<\/h3>\n<p><a href=\"https:\/\/tunisia88.com\/wp-content\/uploads\/2022\/11\/88int-1.jpg\"><img loading=\"lazy\" decoding=\"async\" class=\"alignnone size-full wp-image-7113\" src=\"https:\/\/tunisia88.com\/wp-content\/uploads\/2022\/11\/88int-1.jpg\" alt=\"\" width=\"160\" height=\"160\" srcset=\"https:\/\/tunisia88.com\/wp-content\/uploads\/2022\/11\/88int-1.jpg 160w, https:\/\/tunisia88.com\/wp-content\/uploads\/2022\/11\/88int-1-150x150.jpg 150w, https:\/\/tunisia88.com\/wp-content\/uploads\/2022\/11\/88int-1-12x12.jpg 12w\" sizes=\"auto, (max-width: 160px) 100vw, 160px\" \/><\/a>David Rosensweig est consultant en finance d&rsquo;entreprise et en strat\u00e9gie aupr\u00e8s de soci\u00e9t\u00e9s en croissance dans les secteurs de la technologie, des soins de sant\u00e9 et de l&rsquo;alimentation saine. Il est \u00e9galement le fondateur de Multivalent Consulting, qui aide les individus \u00e0 am\u00e9liorer leurs performances et leur r\u00e9silience. Il \u00e9tait auparavant bas\u00e9 \u00e0 Singapour au sein du d\u00e9partement de finance d&rsquo;entreprise de McKinsey &#038;amp ; Company, o\u00f9 il a travaill\u00e9 avec des clients multinationaux dans toute la r\u00e9gion Asie-Pacifique. Auparavant, il a assur\u00e9 le financement d&rsquo;entreprises technologiques, en tant qu&rsquo;investisseur en capital-risque chez Doughty Hanson et en tant que banquier pour les entreprises technologiques chez Goldman Sachs. Il a voyag\u00e9 dans 50 pays et travaill\u00e9 dans plus de 15 d&rsquo;entre eux en Europe et en Asie, une exp\u00e9rience qu&rsquo;il met \u00e0 profit pour aider 88 International \u00e0 d\u00e9velopper et \u00e0 mettre en \u0153uvre ses programmes mondiaux. Il apporte la perspective de la cr\u00e9ation et de l&rsquo;exploitation d&rsquo;une organisation dans plusieurs pays et une appr\u00e9ciation des m\u00e9canismes n\u00e9cessaires \u00e0 une ex\u00e9cution r\u00e9ussie. David est un exemple de la mani\u00e8re dont la vision de Kimball permet \u00e0 chacun, y compris aux non-musiciens, de participer activement \u00e0 la diffusion de la musique. En 2009, il a cofond\u00e9 avec Kimball Cocktails and Counterpoints, une s\u00e9rie de concerts \u00e0 New York pr\u00e9sent\u00e9e par The Economist. Originaire de Washington DC, David a fr\u00e9quent\u00e9 l&rsquo;universit\u00e9 de Pennsylvanie o\u00f9 il a \u00e9tudi\u00e9 l&rsquo;ing\u00e9nierie et l&rsquo;histoire de la technologie. Il est titulaire d&rsquo;un MBA de la Columbia Business School et d&rsquo;une ma\u00eetrise en relations internationales de l&rsquo;universit\u00e9 Johns Hopkins. Il aime rechercher des maisons avec un piano \u00e0 queue dans les pays tropicaux, exp\u00e9rimenter en cuisine avec des aliments traditionnels et ancestraux, nager et observer la vie sauvage.<\/p>\n<p><!-- 00f6c061ed16a0ac062b7ba1359068a2 --><\/div>","protected":false},"excerpt":{"rendered":"<p>David Rosensweig David Rosensweig est consultant en finance d&rsquo;entreprise et en strat\u00e9gie aupr\u00e8s de soci\u00e9t\u00e9s en croissance dans les secteurs de la technologie, des soins de sant\u00e9 et de l&rsquo;alimentation saine. Il est \u00e9galement le fondateur de Multivalent Consulting, qui aide les individus \u00e0 am\u00e9liorer leurs performances et leur r\u00e9silience. Il \u00e9tait auparavant bas\u00e9 \u00e0 [&hellip;]<\/p>\n","protected":false},"author":1,"featured_media":0,"parent":0,"menu_order":0,"comment_status":"closed","ping_status":"closed","template":"visual-builder-template.php","meta":{"footnotes":""},"class_list":["post-7144","page","type-page","status-publish","hentry"],"_links":{"self":[{"href":"https:\/\/tunisia88.com\/en\/wp-json\/wp\/v2\/pages\/7144","targetHints":{"allow":["GET"]}}],"collection":[{"href":"https:\/\/tunisia88.com\/en\/wp-json\/wp\/v2\/pages"}],"about":[{"href":"https:\/\/tunisia88.com\/en\/wp-json\/wp\/v2\/types\/page"}],"author":[{"embeddable":true,"href":"https:\/\/tunisia88.com\/en\/wp-json\/wp\/v2\/users\/1"}],"replies":[{"embeddable":true,"href":"https:\/\/tunisia88.com\/en\/wp-json\/wp\/v2\/comments?post=7144"}],"version-history":[{"count":4,"href":"https:\/\/tunisia88.com\/en\/wp-json\/wp\/v2\/pages\/7144\/revisions"}],"predecessor-version":[{"id":7153,"href":"https:\/\/tunisia88.com\/en\/wp-json\/wp\/v2\/pages\/7144\/revisions\/7153"}],"wp:attachment":[{"href":"https:\/\/tunisia88.com\/en\/wp-json\/wp\/v2\/media?parent=7144"}],"curies":[{"name":"wp","href":"https:\/\/api.w.org\/{rel}","templated":true}]}}